{"id":47482,"date":"2021-12-12T22:46:00","date_gmt":"2021-12-12T22:46:00","guid":{"rendered":"http:\/\/www.gerarduzcategui.com.ve\/?page_id=47482"},"modified":"2021-12-12T23:12:23","modified_gmt":"2021-12-12T23:12:23","slug":"svc-home","status":"publish","type":"page","link":"https:\/\/www.gerarduzcategui.com\/es\/svc-home\/","title":{"rendered":"SVC HOME"},"content":{"rendered":"<p>[vc_row unlock_row_content=\u00bbyes\u00bb row_height_percent=\u00bb0&#8243; override_padding=\u00bbyes\u00bb h_padding=\u00bb7&#8243; top_padding=\u00bb7&#8243; bottom_padding=\u00bb7&#8243; back_color=\u00bbcolor-wayh\u00bb back_image=\u00bb3973&#8243; parallax=\u00bbyes\u00bb overlay_color=\u00bbcolor-wayh\u00bb overlay_alpha=\u00bb60&#8243; equal_height=\u00bbyes\u00bb gutter_size=\u00bb0&#8243; column_width_percent=\u00bb0&#8243; shift_y=\u00bb0&#8243; z_index=\u00bb0&#8243; row_name=\u00bbSVC\u00bb uncode_shortcode_id=\u00bb204667&#8243; back_color_type=\u00bbuncode-palette\u00bb shape_dividers=\u00bb\u00bb overlay_color_type=\u00bbuncode-palette\u00bb][vc_column column_width_use_pixel=\u00bbyes\u00bb align_horizontal=\u00bbalign_center\u00bb gutter_size=\u00bb3&#8243; style=\u00bbdark\u00bb font_family=\u00bbfont-175345&#8243; overlay_alpha=\u00bb50&#8243; shift_x=\u00bb0&#8243; shift_y=\u00bb0&#8243; medium_width=\u00bb0&#8243; zoom_width=\u00bb0&#8243; zoom_height=\u00bb0&#8243; width=\u00bb1\/1&#8243; column_width_pixel=\u00bb700&#8243;][vc_custom_heading heading_semantic=\u00bbh3&#8243; text_size=\u00bbh3&#8243; uncode_shortcode_id=\u00bb124869&#8243;]<span class=\"font-138252 font-762333 font-377884\">La\u00a0\u201cSOCIEDAD VENEZOLANA DE CINEMATOGRAF\u00cdA\u201d\u00a0o\u00a0\u201cSVC\u201d, es una Asociaci\u00f3n Civil sin fines de lucro, que agrupa a todos y todas quienes se dedican profesionalmente a la Direcci\u00f3n de Fotograf\u00eda Cinematogr\u00e1fica Venezolana. El objetivo general de la SVC es apoyar todo aquello que conlleve a un mejor desempe\u00f1o y resultado en el ejercicio de la Direcci\u00f3n de Fotograf\u00eda cinematogr\u00e1fica, fundamentado sobre valores y criterios de calidad y excelencia. Generando as\u00ed espacio de intercambio y discusi\u00f3n sobre la Cinematograf\u00eda, promovi\u00e9ndola como forma de arte y como actividad profesional. La SVC es una organizaci\u00f3n cultural, educativa y profesional, sin fines de lucro, ajena a cualquier tipo de actividad gremial o pol\u00edtica.<\/span>[\/vc_custom_heading][vc_accordion active_tab=\u00bbnone\u00bb][vc_accordion_tab gutter_size=\u00bb2&#8243; column_padding=\u00bb0&#8243; tab_id=\u00bb1639336149-1-21&#8243; title=\u00bbObjetivos\u00bb][vc_column_text uncode_shortcode_id=\u00bb520429&#8243; css=\u00bb.vc_custom_1639337123994{margin-left: 2px !important;border-left-width: 1px !important;padding-left: 1px !important;}\u00bb]<\/p>\n<p style=\"text-align: left;\">El objetivo general de la\u00a0\u201cSVC\u201d\u00a0es apoyar todo aquello que conlleve a un mejor desempe\u00f1o y resultado en el ejercicio de la Direcci\u00f3n de Fotograf\u00eda cinematogr\u00e1fica, fundamentado sobre valores y criterios de calidad y excelencia. En este sentido, avalar\u00e1 la idoneidad de sus miembros para responder a los retos que plantea el ejercicio de la Direcci\u00f3n de Fotograf\u00eda Cinematogr\u00e1fica en el entorno de competencia, as\u00ed como tambi\u00e9n de los medios y procesos asociados a la imagen. Sus objetivos espec\u00edficos ser\u00e1n:<\/p>\n<p style=\"text-align: left;\">Promover el reconocimiento del Director de Fotograf\u00eda como autor de la imagen de la obra cinematogr\u00e1fica y\/o audiovisual, en las cuales participa.<br \/>\nPreservar el liderazgo del Director de Fotograf\u00eda sobre la cadena de los procesos que arrojan como resultado final la imagen de la obra cinematogr\u00e1fica y\/o audiovisual.<br \/>\nFomentar valores morales y \u00e9ticos, as\u00ed como criterios de calidad y excelencia que repercutan positivamente en el ejercicio y resultado de las funciones del Director de Fotograf\u00eda.<br \/>\nPromover la formaci\u00f3n intelectual y pr\u00e1ctica de Directores de Fotograf\u00eda, a trav\u00e9s de actividades de capacitaci\u00f3n, actualizaci\u00f3n y ampliaci\u00f3n del conocimiento, entre otras, para procurar que \u00e9stos se mantengan informados, actualizados, competentes y capaces de dominar: a.) los criterios para la formulaci\u00f3n del concepto est\u00e9tico; y, b) las t\u00e9cnicas de realizaci\u00f3n, manejo, visualizaci\u00f3n y preservaci\u00f3n de la calidad de la imagen propuesta, al m\u00e1s alto nivel y en cualquier \u00e1mbito de acci\u00f3n, sea \u00e9ste local o extranjero.<br \/>\nFomentar la investigaci\u00f3n y experimentaci\u00f3n, en b\u00fasqueda de nuevas formas de expresividad narrativa y realizaci\u00f3n de la imagen en el contexto cinematogr\u00e1fico y\/o audiovisual.<br \/>\nPromover la b\u00fasqueda de una est\u00e9tica caracter\u00edstica venezolana en la fotograf\u00eda cinematogr\u00e1fica y\/o audiovisual.<br \/>\nOtorgar a los miembros que cumplan con los criterios y requisitos, la acreditaci\u00f3n\u00a0\u201cSVC\u201d\u00a0como aval de idoneidad que otorga la organizaci\u00f3n.<br \/>\nPromover el reconocimiento p\u00fablico a los avances, logros y m\u00e9ritos alcanzados por los Directores de Fotograf\u00eda, as\u00ed como a todos aquellos que considere merezcan el otorgamiento de honores, reconocimientos y premios.<br \/>\nApoyar a sus miembros en el acceso a la informaci\u00f3n especializada, medios e instrumentos para el ejercicio cabal de la profesi\u00f3n.<br \/>\nPromover el reconocimiento de regal\u00edas a los Directores de Fotograf\u00eda por derechos de autor sobre la imagen de las obras cinematogr\u00e1ficas y\/o audiovisuales.<br \/>\nProducir recomendaciones para mejorar las condiciones de trabajo, bienestar y buen trato al Director de Fotograf\u00eda en el ejercicio de sus responsabilidades, sin pretensi\u00f3n de usurpar la funci\u00f3n de gremios, sindicatos, academias o colegios profesionales.<br \/>\nDesarrollar din\u00e1micas de encuentro entre Directores de Fotograf\u00eda y personal t\u00e9cnico y profesional relacionados a su \u00e1mbito de acci\u00f3n, para la revisi\u00f3n peri\u00f3dica de la interacci\u00f3n y mejores pr\u00e1cticas de trabajo, buen trato, intercambio de conocimiento y experiencias, comunicaci\u00f3n y fomento de la m\u00edstica de trabajo.<br \/>\nPromover en las nuevas generaciones el valor de la experiencia consagrado en la pr\u00e1ctica del oficio del Director de Fotograf\u00eda.<br \/>\nReivindicar el legado y tradici\u00f3n de quienes a lo largo de la historia hayan ofrecido su aporte o creado un impacto significativo en la din\u00e1mica art\u00edstica, t\u00e9cnica y cr\u00edtica de la imagen cinematogr\u00e1fica venezolana.<br \/>\nPromover la creaci\u00f3n de espacios y medios de referencia para la visualizaci\u00f3n y divulgaci\u00f3n de obras cinematogr\u00e1ficas y\/o audiovisuales, capaces de reproducir fielmente las intensiones art\u00edsticas y t\u00e9cnicas de sus autores y optimicen \u201cla experiencia de usuario\u201d de las audiencias.<br \/>\nFomentar el estudio e investigaci\u00f3n de la historia y la cr\u00edtica de la imagen cinematogr\u00e1fica y\/o audiovisual.<br \/>\nPromover el desarrollo de contenidos formativos e informativos sobre la ciencia, la t\u00e9cnica y cultura relacionada con la imagen cinematogr\u00e1fica y\/o audiovisual.<br \/>\nFomentar el estudio cient\u00edfico y tecnol\u00f3gico para el desarrollo de medios propios de producci\u00f3n, manejo, almacenamiento y distribuci\u00f3n de obras cinematogr\u00e1ficas y\/o audiovisuales.<br \/>\nAportar al mejoramiento de los medios y procesos de calidad y flujos de trabajo locales de la imagen cinematogr\u00e1fica y\/o audiovisual, promoviendo y generando recomendaciones para la normalizaci\u00f3n, mejores pr\u00e1cticas y revisi\u00f3n de criterios de calidad. En este sentido, podr\u00e1 otorgar el sello de calidad\u00a0\u201cSVC\u201d\u00a0a aquellas pr\u00e1cticas y procesos que cumplan con los est\u00e1ndares exigidos por la Asociaci\u00f3n.<br \/>\nPromover la conservaci\u00f3n y preservaci\u00f3n de la obra cinematogr\u00e1fica y\/o audiovisual, como acervo y patrimonio cultural e hist\u00f3rico.<br \/>\nPromover relaciones interinstitucionales y de cooperaci\u00f3n con asociaciones, gremios e instituciones p\u00fablicas o privadas, vinculadas a la comunidad cinematogr\u00e1fica nacional e internacional, y en especial auspiciar la integraci\u00f3n de una federaci\u00f3n que agrupe a las asociaciones latinoamericanas de Directores de Fotograf\u00eda.<br \/>\nContribuir a la promoci\u00f3n y redacci\u00f3n de una ley que regule el ejercicio profesional de la actividad cinematogr\u00e1fica en general.<br \/>\nTodos aquellos dem\u00e1s prop\u00f3sitos que posteriormente la ASAMBLEA GENERAL resuelva aprobar y sumar a los objetivos espec\u00edficos de la Asociaci\u00f3n.<\/p>\n<p>[\/vc_column_text][\/vc_accordion_tab][vc_accordion_tab gutter_size=\u00bb2&#8243; column_padding=\u00bb2&#8243; title=\u00bbreglamentos\u00bb tab_id=\u00bb1639336149-2-7&#8243;][vc_column_text uncode_shortcode_id=\u00bb588027&#8243;]El objetivo general de la\u00a0\u201cSVC\u201d\u00a0es apoyar todo aquello que conlleve a un mejor desempe\u00f1o y resultado en el ejercicio de la Direcci\u00f3n de Fotograf\u00eda cinematogr\u00e1fica, fundamentado sobre valores y criterios de calidad y excelencia. En este sentido, avalar\u00e1 la idoneidad de sus miembros para responder a los retos que plantea el ejercicio de la Direcci\u00f3n de Fotograf\u00eda Cinematogr\u00e1fica en el entorno de competencia, as\u00ed como tambi\u00e9n de los medios y procesos asociados a la imagen. Sus objetivos espec\u00edficos ser\u00e1n:<\/p>\n<p>Promover el reconocimiento del Director de Fotograf\u00eda como autor de la imagen de la obra cinematogr\u00e1fica y\/o audiovisual, en las cuales participa.<br \/>\nPreservar el liderazgo del Director de Fotograf\u00eda sobre la cadena de los procesos que arrojan como resultado final la imagen de la obra cinematogr\u00e1fica y\/o audiovisual.<br \/>\nFomentar valores morales y \u00e9ticos, as\u00ed como criterios de calidad y excelencia que repercutan positivamente en el ejercicio y resultado de las funciones del Director de Fotograf\u00eda.<br \/>\nPromover la formaci\u00f3n intelectual y pr\u00e1ctica de Directores de Fotograf\u00eda, a trav\u00e9s de actividades de capacitaci\u00f3n, actualizaci\u00f3n y ampliaci\u00f3n del conocimiento, entre otras, para procurar que \u00e9stos se mantengan informados, actualizados, competentes y capaces de dominar: a.) los criterios para la formulaci\u00f3n del concepto est\u00e9tico; y, b) las t\u00e9cnicas de realizaci\u00f3n, manejo, visualizaci\u00f3n y preservaci\u00f3n de la calidad de la imagen propuesta, al m\u00e1s alto nivel y en cualquier \u00e1mbito de acci\u00f3n, sea \u00e9ste local o extranjero.<br \/>\nFomentar la investigaci\u00f3n y experimentaci\u00f3n, en b\u00fasqueda de nuevas formas de expresividad narrativa y realizaci\u00f3n de la imagen en el contexto cinematogr\u00e1fico y\/o audiovisual.<br \/>\nPromover la b\u00fasqueda de una est\u00e9tica caracter\u00edstica venezolana en la fotograf\u00eda cinematogr\u00e1fica y\/o audiovisual.<br \/>\nOtorgar a los miembros que cumplan con los criterios y requisitos, la acreditaci\u00f3n\u00a0\u201cSVC\u201d\u00a0como aval de idoneidad que otorga la organizaci\u00f3n.<br \/>\nPromover el reconocimiento p\u00fablico a los avances, logros y m\u00e9ritos alcanzados por los Directores de Fotograf\u00eda, as\u00ed como a todos aquellos que considere merezcan el otorgamiento de honores, reconocimientos y premios.<br \/>\nApoyar a sus miembros en el acceso a la informaci\u00f3n especializada, medios e instrumentos para el ejercicio cabal de la profesi\u00f3n.<br \/>\nPromover el reconocimiento de regal\u00edas a los Directores de Fotograf\u00eda por derechos de autor sobre la imagen de las obras cinematogr\u00e1ficas y\/o audiovisuales.<br \/>\nProducir recomendaciones para mejorar las condiciones de trabajo, bienestar y buen trato al Director de Fotograf\u00eda en el ejercicio de sus responsabilidades, sin pretensi\u00f3n de usurpar la funci\u00f3n de gremios, sindicatos, academias o colegios profesionales.<br \/>\nDesarrollar din\u00e1micas de encuentro entre Directores de Fotograf\u00eda y personal t\u00e9cnico y profesional relacionados a su \u00e1mbito de acci\u00f3n, para la revisi\u00f3n peri\u00f3dica de la interacci\u00f3n y mejores pr\u00e1cticas de trabajo, buen trato, intercambio de conocimiento y experiencias, comunicaci\u00f3n y fomento de la m\u00edstica de trabajo.<br \/>\nPromover en las nuevas generaciones el valor de la experiencia consagrado en la pr\u00e1ctica del oficio del Director de Fotograf\u00eda.<br \/>\nReivindicar el legado y tradici\u00f3n de quienes a lo largo de la historia hayan ofrecido su aporte o creado un impacto significativo en la din\u00e1mica art\u00edstica, t\u00e9cnica y cr\u00edtica de la imagen cinematogr\u00e1fica venezolana.<br \/>\nPromover la creaci\u00f3n de espacios y medios de referencia para la visualizaci\u00f3n y divulgaci\u00f3n de obras cinematogr\u00e1ficas y\/o audiovisuales, capaces de reproducir fielmente las intensiones art\u00edsticas y t\u00e9cnicas de sus autores y optimicen \u201cla experiencia de usuario\u201d de las audiencias.<br \/>\nFomentar el estudio e investigaci\u00f3n de la historia y la cr\u00edtica de la imagen cinematogr\u00e1fica y\/o audiovisual.<br \/>\nPromover el desarrollo de contenidos formativos e informativos sobre la ciencia, la t\u00e9cnica y cultura relacionada con la imagen cinematogr\u00e1fica y\/o audiovisual.<br \/>\nFomentar el estudio cient\u00edfico y tecnol\u00f3gico para el desarrollo de medios propios de producci\u00f3n, manejo, almacenamiento y distribuci\u00f3n de obras cinematogr\u00e1ficas y\/o audiovisuales.<br \/>\nAportar al mejoramiento de los medios y procesos de calidad y flujos de trabajo locales de la imagen cinematogr\u00e1fica y\/o audiovisual, promoviendo y generando recomendaciones para la normalizaci\u00f3n, mejores pr\u00e1cticas y revisi\u00f3n de criterios de calidad. En este sentido, podr\u00e1 otorgar el sello de calidad\u00a0\u201cSVC\u201d\u00a0a aquellas pr\u00e1cticas y procesos que cumplan con los est\u00e1ndares exigidos por la Asociaci\u00f3n.<br \/>\nPromover la conservaci\u00f3n y preservaci\u00f3n de la obra cinematogr\u00e1fica y\/o audiovisual, como acervo y patrimonio cultural e hist\u00f3rico.<br \/>\nPromover relaciones interinstitucionales y de cooperaci\u00f3n con asociaciones, gremios e instituciones p\u00fablicas o privadas, vinculadas a la comunidad cinematogr\u00e1fica nacional e internacional, y en especial auspiciar la integraci\u00f3n de una federaci\u00f3n que agrupe a las asociaciones latinoamericanas de Directores de Fotograf\u00eda.<br \/>\nContribuir a la promoci\u00f3n y redacci\u00f3n de una ley que regule el ejercicio profesional de la actividad cinematogr\u00e1fica en general.<br \/>\nTodos aquellos dem\u00e1s prop\u00f3sitos que posteriormente la ASAMBLEA GENERAL resuelva aprobar y sumar a los objetivos espec\u00edficos de la Asociaci\u00f3n.[\/vc_column_text][\/vc_accordion_tab][vc_accordion_tab gutter_size=\u00bb2&#8243; column_padding=\u00bb2&#8243; title=\u00bbIngresos\u00bb tab_id=\u00bb1639336474089-2-7&#8243;][vc_column_text uncode_shortcode_id=\u00bb179622&#8243;]La\u00a0\u201cSOCIEDAD VENEZOLANA DE CINEMATOGRAF\u00cdA\u201d\u00a0o\u00a0\u201cSVC\u201d, es una Asociaci\u00f3n Civil sin fines de lucro, que agrupa a todos y todas quienes se dedican profesionalmente a la Direcci\u00f3n de Fotograf\u00eda Cinematogr\u00e1fica. El objetivo general de la SVC es apoyar todo aquello que conlleve a un mejor desempe\u00f1o y resultado en el ejercicio de la Direcci\u00f3n de Fotograf\u00eda cinematogr\u00e1fica, fundamentado sobre valores y criterios de calidad y excelencia. Generando as\u00ed el intercambio y discusi\u00f3n sobre la Cinematograf\u00eda, promovi\u00e9ndola como forma de arte y como actividad profesional. La SVC es una organizaci\u00f3n cultural, educativa y profesional, sin fines de lucro, ajena a cualquier tipo de actividad gremial o pol\u00edtica.[\/vc_column_text][\/vc_accordion_tab][vc_accordion_tab gutter_size=\u00bb2&#8243; column_padding=\u00bb2&#8243; title=\u00bbConsejo Directivo\u00bb tab_id=\u00bb1639337988101-3-4&#8243;][vc_column_text uncode_shortcode_id=\u00bb213890&#8243;]ILa\u00a0\u201cSOCIEDAD VENEZOLANA DE CINEMATOGRAF\u00cdA\u201d\u00a0o\u00a0\u201cSVC\u201d, es una Asociaci\u00f3n Civil sin fines de lucro, que agrupa a todos y todas quienes se dedican profesionalmente a la Direcci\u00f3n de Fotograf\u00eda Cinematogr\u00e1fica. El objetivo general de la SVC es apoyar todo aquello que conlleve a un mejor desempe\u00f1o y resultado en el ejercicio de la Direcci\u00f3n de Fotograf\u00eda cinematogr\u00e1fica, fundamentado sobre valores y criterios de calidad y excelencia. Generando as\u00ed el intercambio y discusi\u00f3n sobre la Cinematograf\u00eda, promovi\u00e9ndola como forma de arte y como actividad profesional. La SVC es una organizaci\u00f3n cultural, educativa y profesional, sin fines de lucro, ajena a cualquier tipo de actividad gremial o pol\u00edtica.[\/vc_column_text][\/vc_accordion_tab][vc_accordion_tab gutter_size=\u00bb2&#8243; column_padding=\u00bb2&#8243; title=\u00bbFELAFC\u00bb tab_id=\u00bb1639338109873-4-0&#8243;][vc_column_text uncode_shortcode_id=\u00bb127622&#8243;]I am text block.<\/p>\n<p>Click edit button<\/p>\n<p>to change this text.<\/p>\n<p>Lorem ipsum dolor sit a<\/p>\n<p>met, consectetur a<\/p>\n<p>dipiscing elit. Ut elit tellu<\/p>\n<p>s, luctus nec ullamcorpe<\/p>\n<p>r mattis, pulvinar dapibu<\/p>\n<p>s leo.[\/vc_column_text][\/vc_accordion_tab][\/vc_accordion][\/vc_column][\/vc_row][vc_row unlock_row_content=\u00bbyes\u00bb row_height_percent=\u00bb0&#8243; override_padding=\u00bbyes\u00bb h_padding=\u00bb2&#8243; top_padding=\u00bb7&#8243; bottom_padding=\u00bb3&#8243; back_color=\u00bbcolor-wayh\u00bb overlay_alpha=\u00bb90&#8243; gutter_size=\u00bb3&#8243; column_width_percent=\u00bb100&#8243; shift_y=\u00bb0&#8243; z_index=\u00bb0&#8243; row_name=\u00bbMiembros\u00bb uncode_shortcode_id=\u00bb176835&#8243; back_color_type=\u00bbuncode-palette\u00bb][vc_column column_width_use_pixel=\u00bbyes\u00bb align_horizontal=\u00bbalign_center\u00bb gutter_size=\u00bb3&#8243; style=\u00bbdark\u00bb overlay_alpha=\u00bb50&#8243; shift_x=\u00bb0&#8243; shift_y=\u00bb0&#8243; medium_width=\u00bb0&#8243; zoom_width=\u00bb0&#8243; zoom_height=\u00bb0&#8243; width=\u00bb1\/1&#8243; column_width_pixel=\u00bb600&#8243;][vc_custom_heading text_size=\u00bb\u00bb text_weight=\u00bb400&#8243; text_transform=\u00bbuppercase\u00bb sub_lead=\u00bbyes\u00bb uncode_shortcode_id=\u00bb141760&#8243;]Miembros[\/vc_custom_heading][vc_separator sep_color=\u00bbcolor-wvjs\u00bb el_width=\u00bb20px\u00bb][\/vc_column][\/vc_row][vc_row unlock_row_content=\u00bbyes\u00bb row_height_percent=\u00bb0&#8243; override_padding=\u00bbyes\u00bb h_padding=\u00bb2&#8243; top_padding=\u00bb0&#8243; bottom_padding=\u00bb7&#8243; back_color=\u00bbcolor-wayh\u00bb overlay_alpha=\u00bb50&#8243; gutter_size=\u00bb3&#8243; column_width_percent=\u00bb100&#8243; shift_y=\u00bb0&#8243; z_index=\u00bb0&#8243; uncode_shortcode_id=\u00bb620163&#8243; back_color_type=\u00bbuncode-palette\u00bb][vc_column column_width_percent=\u00bb100&#8243; align_horizontal=\u00bbalign_center\u00bb gutter_size=\u00bb3&#8243; style=\u00bbdark\u00bb overlay_alpha=\u00bb50&#8243; shift_x=\u00bb0&#8243; shift_y=\u00bb0&#8243; medium_width=\u00bb0&#8243; zoom_width=\u00bb0&#8243; zoom_height=\u00bb0&#8243; width=\u00bb1\/1&#8243;][uncode_index el_id=\u00bbindex-176771&#8243; isotope_mode=\u00bbpackery\u00bb loop=\u00bbsize:50|order_by:date|post_type:page|by_id:47414,47131,47085,47000,46936,46908,46842,46828,46469,46284,45998,45754,45742,45734,45688,44818,47543|taxonomy_count:10&#8243; gutter_size=\u00bb0&#8243; page_items=\u00bbmedia|featured|onpost|original,title\u00bb screen_lg=\u00bb1000&#8243; screen_md=\u00bb600&#8243; screen_sm=\u00bb480&#8243; single_text=\u00bboverlay\u00bb single_width=\u00bb2&#8243; images_size=\u00bbone-one\u00bb single_overlay_opacity=\u00bb50&#8243; single_h_align=\u00bbcenter\u00bb single_padding=\u00bb0&#8243; single_shadow=\u00bbyes\u00bb single_border=\u00bbyes\u00bb uncode_shortcode_id=\u00bb122460&#8243;][\/vc_column][\/vc_row][vc_row row_height_percent=\u00bb100&#8243; override_padding=\u00bbyes\u00bb h_padding=\u00bb0&#8243; top_padding=\u00bb0&#8243; bottom_padding=\u00bb0&#8243; back_color=\u00bbcolor-wayh\u00bb back_image=\u00bb42833&#8243; back_position=\u00bbcenter bottom\u00bb overlay_color=\u00bbcolor-wayh\u00bb overlay_alpha=\u00bb90&#8243; gutter_size=\u00bb100&#8243; column_width_percent=\u00bb100&#8243; shift_y=\u00bb0&#8243; z_index=\u00bb0&#8243; style=\u00bbinherited\u00bb uncode_shortcode_id=\u00bb100763&#8243; back_color_type=\u00bbuncode-palette\u00bb overlay_color_type=\u00bbuncode-palette\u00bb row_name=\u00bbContacto\u00bb][vc_column column_width_percent=\u00bb100&#8243; position_horizontal=\u00bbleft\u00bb position_vertical=\u00bbmiddle\u00bb align_horizontal=\u00bbalign_center\u00bb gutter_size=\u00bb2&#8243; override_padding=\u00bbyes\u00bb column_padding=\u00bb5&#8243; style=\u00bbdark\u00bb overlay_alpha=\u00bb100&#8243; shift_x=\u00bb0&#8243; shift_y=\u00bb0&#8243; z_index=\u00bb0&#8243; medium_width=\u00bb0&#8243; zoom_width=\u00bb0&#8243; zoom_height=\u00bb0&#8243; width=\u00bb1\/1&#8243;][vc_empty_space empty_h=\u00bb3&#8243;][vc_empty_space empty_h=\u00bb3&#8243;][vc_custom_heading text_weight=\u00bb400&#8243; separator=\u00bbyes\u00bb text_uppercase=\u00bb\u00bb subheading=\u00bb94 Academy Street, Berrington<br \/>\nPhone: +88 (0) 078 7104 2092<br \/>\nFax: +88 (0) 078 7104 2093<\/p>\n<p>Email: info@youragency.com\u00bb uncode_shortcode_id=\u00bb125013&#8243; text_color_type=\u00bbuncode-palette\u00bb text_color_solid=\u00bb#ff0000&#8243;]Contacto[\/vc_custom_heading][vc_button radius=\u00bbbtn-circle\u00bb outline=\u00bbyes\u00bb border_width=\u00bb0&#8243; uncode_shortcode_id=\u00bb103603&#8243;]Escr\u00edbenos[\/vc_button][vc_empty_space empty_h=\u00bb3&#8243;][vc_icon display=\u00bbinline\u00bb icon=\u00bbfa fa-instagram\u00bb size=\u00bbfa-5x\u00bb css_animation=\u00bbzoom-in\u00bb animation_delay=\u00bb900&#8243; link=\u00bburl:https%3A%2F%2Fwww.tumblr.com||target:%20_blank\u00bb]<br \/>\n[\/vc_icon][vc_icon display=\u00bbinline\u00bb icon=\u00bbfa fa-social-facebook\u00bb size=\u00bbfa-5x\u00bb css_animation=\u00bbzoom-in\u00bb animation_delay=\u00bb500&#8243; link=\u00bburl:https%3A%2F%2Fwww.facebook.com||target:%20_blank\u00bb]<br \/>\n[\/vc_icon][vc_icon display=\u00bbinline\u00bb icon=\u00bbfa fa-social-twitter\u00bb size=\u00bbfa-5x\u00bb css_animation=\u00bbzoom-in\u00bb animation_delay=\u00bb400&#8243; link=\u00bburl:https%3A%2F%2Ftwitter.com||target:%20_blank\u00bb]<br \/>\n[\/vc_icon][vc_icon display=\u00bbinline\u00bb icon=\u00bbfa fa-youtube-play\u00bb size=\u00bbfa-5x\u00bb css_animation=\u00bbzoom-in\u00bb animation_delay=\u00bb800&#8243; link=\u00bburl:https%3A%2F%2Fwww.tumblr.com||target:%20_blank\u00bb uncode_shortcode_id=\u00bb959686&#8243;][\/vc_icon][vc_empty_space empty_h=\u00bb3&#8243;][\/vc_column][\/vc_row]<\/p>","protected":false},"excerpt":{"rendered":"<p>[vc_row unlock_row_content=\u00bbyes\u00bb row_height_percent=\u00bb0&#8243; override_padding=\u00bbyes\u00bb h_padding=\u00bb7&#8243; top_padding=\u00bb7&#8243; bottom_padding=\u00bb7&#8243; back_color=\u00bbcolor-wayh\u00bb back_image=\u00bb3973&#8243; parallax=\u00bbyes\u00bb overlay_color=\u00bbcolor-wayh\u00bb overlay_alpha=\u00bb60&#8243; equal_height=\u00bbyes\u00bb gutter_size=\u00bb0&#8243; column_width_percent=\u00bb0&#8243; shift_y=\u00bb0&#8243; z_index=\u00bb0&#8243; row_name=\u00bbSVC\u00bb uncode_shortcode_id=\u00bb204667&#8243; back_color_type=\u00bbuncode-palette\u00bb [&hellip;]<\/p>\n","protected":false},"author":1,"featured_media":0,"parent":0,"menu_order":0,"comment_status":"closed","ping_status":"closed","template":"","meta":{"footnotes":""},"jetpack_sharing_enabled":true,"_links":{"self":[{"href":"https:\/\/www.gerarduzcategui.com\/es\/wp-json\/wp\/v2\/pages\/47482"}],"collection":[{"href":"https:\/\/www.gerarduzcategui.com\/es\/wp-json\/wp\/v2\/pages"}],"about":[{"href":"https:\/\/www.gerarduzcategui.com\/es\/wp-json\/wp\/v2\/types\/page"}],"author":[{"embeddable":true,"href":"https:\/\/www.gerarduzcategui.com\/es\/wp-json\/wp\/v2\/users\/1"}],"replies":[{"embeddable":true,"href":"https:\/\/www.gerarduzcategui.com\/es\/wp-json\/wp\/v2\/comments?post=47482"}],"version-history":[{"count":59,"href":"https:\/\/www.gerarduzcategui.com\/es\/wp-json\/wp\/v2\/pages\/47482\/revisions"}],"predecessor-version":[{"id":47555,"href":"https:\/\/www.gerarduzcategui.com\/es\/wp-json\/wp\/v2\/pages\/47482\/revisions\/47555"}],"wp:attachment":[{"href":"https:\/\/www.gerarduzcategui.com\/es\/wp-json\/wp\/v2\/media?parent=47482"}],"curies":[{"name":"wp","href":"https:\/\/api.w.org\/{rel}","templated":true}]}}