{"id":47414,"date":"2021-12-12T18:05:36","date_gmt":"2021-12-12T18:05:36","guid":{"rendered":"http:\/\/www.gerarduzcategui.com.ve\/?page_id=47414"},"modified":"2021-12-12T22:53:41","modified_gmt":"2021-12-12T22:53:41","slug":"svc-miembro","status":"publish","type":"page","link":"https:\/\/www.gerarduzcategui.com\/es\/svc-miembro\/","title":{"rendered":"svc Arturo"},"content":{"rendered":"<p>[vc_row unlock_row_content=\u00bbyes\u00bb row_height_percent=\u00bb100&#8243; override_padding=\u00bbyes\u00bb h_padding=\u00bb0&#8243; top_padding=\u00bb0&#8243; bottom_padding=\u00bb0&#8243; back_color=\u00bbcolor-nhtu\u00bb overlay_alpha=\u00bb50&#8243; equal_height=\u00bbyes\u00bb gutter_size=\u00bb3&#8243; shift_y=\u00bb0&#8243;][vc_column column_width_percent=\u00bb100&#8243; gutter_size=\u00bb3&#8243; expand_height=\u00bbyes\u00bb style=\u00bbdark\u00bb overlay_alpha=\u00bb50&#8243; shift_x=\u00bb0&#8243; shift_y=\u00bb0&#8243; z_index=\u00bb0&#8243; medium_width=\u00bb0&#8243; width=\u00bb1\/1&#8243;][vc_row_inner row_inner_height_percent=\u00bb0&#8243; overlay_alpha=\u00bb50&#8243; equal_height=\u00bbyes\u00bb gutter_size=\u00bb0&#8243; shift_y=\u00bb0&#8243;][vc_column_inner column_width_percent=\u00bb100&#8243; gutter_size=\u00bb3&#8243; expand_height=\u00bbyes\u00bb back_image=\u00bb47415&#8243; back_position=\u00bbcenter bottom\u00bb overlay_alpha=\u00bb50&#8243; shift_x=\u00bb0&#8243; shift_y=\u00bb0&#8243; shift_y_down=\u00bb0&#8243; z_index=\u00bb0&#8243; medium_width=\u00bb0&#8243; mobile_width=\u00bb0&#8243; width=\u00bb1\/2&#8243; mobile_height=\u00bb300&#8243; uncode_shortcode_id=\u00bb157938&#8243;][\/vc_column_inner][vc_column_inner column_width_percent=\u00bb65&#8243; position_vertical=\u00bbmiddle\u00bb gutter_size=\u00bb3&#8243; override_padding=\u00bbyes\u00bb column_padding=\u00bb3&#8243; style=\u00bbdark\u00bb overlay_alpha=\u00bb50&#8243; shift_x=\u00bb0&#8243; shift_y=\u00bb0&#8243; z_index=\u00bb0&#8243; medium_width=\u00bb0&#8243; width=\u00bb1\/2&#8243;][vc_custom_heading heading_semantic=\u00bbh1&#8243; text_size=\u00bbh1&#8243; text_weight=\u00bb400&#8243; text_align=\u00bbtext-left\u00bb uncode_shortcode_id=\u00bb195666&#8243;]Arturo Vasquez[\/vc_custom_heading][vc_custom_heading heading_semantic=\u00bbh6&#8243; text_size=\u00bbh6&#8243; text_align=\u00bbtext-left\u00bb uncode_shortcode_id=\u00bb103130&#8243;]\u2014 Miembro Acreditado SVC[\/vc_custom_heading][vc_column_text uncode_shortcode_id=\u00bb203256&#8243;]Despu\u00e9s de terminar mi BA, hice un master de cinematograf\u00eda en la Escuela de Artes Visuales de Nueva York a la vez que estudi\u00e9 pintura en The Art Students League.<\/p>\n<p>Me gusta encontrar el n\u00facleo detr\u00e1s de la idea que me interesa y hacer varias iteraciones desde el punto de vista de la audiencia, refinando la que encuentro m\u00e1s controvertida.\u00a0La controversia no se trata de instigaci\u00f3n, sino de una forma de cautivar a la audiencia. Plantar un el anhelo de seguir viendo la pel\u00edcula para conocer m\u00e1s sobre el autor. En definitiva, se trata de crear pel\u00edculas memorables y universales \u2026 \u00bfinnit?<\/p>\n<p>Vivo entre Londres y Miami.<\/p>\n<p>Vayalou![\/vc_column_text][vc_separator uncode_shortcode_id=\u00bb145918&#8243;][vc_empty_space empty_h=\u00bb2&#8243;][vc_icon display=\u00bbinline\u00bb icon=\u00bbfa fa-envelope3&#8243; size=\u00bbfa-2x\u00bb css_animation=\u00bbzoom-in\u00bb animation_delay=\u00bb300&#8243; link=\u00bbtarget:_blank\u00bb uncode_shortcode_id=\u00bb107580&#8243;][\/vc_icon][vc_icon display=\u00bbinline\u00bb icon=\u00bbfa fa-link4&#8243; size=\u00bbfa-2x\u00bb css_animation=\u00bbzoom-in\u00bb animation_delay=\u00bb300&#8243; link=\u00bburl:https%3A%2F%2Ftwitter.com%2Fgerarduzcategui||target:%20_blank\u00bb uncode_shortcode_id=\u00bb194284&#8243;][\/vc_icon][vc_icon display=\u00bbinline\u00bb icon=\u00bbfa fa-imdb\u00bb size=\u00bbfa-2x\u00bb css_animation=\u00bbzoom-in\u00bb animation_delay=\u00bb300&#8243; link=\u00bburl:https%3A%2F%2Ftwitter.com%2Fgerarduzcategui||target:%20_blank\u00bb uncode_shortcode_id=\u00bb814265&#8243;][\/vc_icon][vc_icon display=\u00bbinline\u00bb icon=\u00bbfa fa-instagram\u00bb size=\u00bbfa-2x\u00bb css_animation=\u00bbzoom-in\u00bb animation_delay=\u00bb500&#8243; link=\u00bburl:http%3A%2F%2Fwww.instagram.com%2Fgerard_uzcategui||target:%20_blank\u00bb][\/vc_icon][vc_icon display=\u00bbinline\u00bb icon=\u00bbfa fa-social-facebook\u00bb size=\u00bbfa-2x\u00bb css_animation=\u00bbzoom-in\u00bb animation_delay=\u00bb200&#8243; link=\u00bburl:https%3A%2F%2Fwww.facebook.com%2Fgerarduzcategui||target:%20_blank\u00bb][\/vc_icon][vc_icon display=\u00bbinline\u00bb icon=\u00bbfa fa-youtube-play\u00bb size=\u00bbfa-2x\u00bb css_animation=\u00bbzoom-in\u00bb animation_delay=\u00bb400&#8243; link=\u00bburl:https%3A%2F%2Fwww.youtube.com%2Fgerarduzcategui||target:%20_blank\u00bb][\/vc_icon][vc_icon display=\u00bbinline\u00bb icon=\u00bbfa fa-linkedin\u00bb size=\u00bbfa-2x\u00bb css_animation=\u00bbzoom-in\u00bb animation_delay=\u00bb600&#8243; link=\u00bburl:http%3A%2F%2Fwww.linkedin.com%2Fgerarduzcategui||target:%20_blank\u00bb][\/vc_icon][vc_icon display=\u00bbinline\u00bb icon=\u00bbfa fa-social-twitter\u00bb size=\u00bbfa-2x\u00bb css_animation=\u00bbzoom-in\u00bb animation_delay=\u00bb300&#8243; link=\u00bburl:https%3A%2F%2Ftwitter.com%2Fgerarduzcategui||target:%20_blank\u00bb][\/vc_icon][vc_empty_space empty_h=\u00bb2&#8243;][\/vc_column_inner][\/vc_row_inner][\/vc_column][\/vc_row][vc_row unlock_row_content=\u00bbyes\u00bb row_height_percent=\u00bb0&#8243; overlay_alpha=\u00bb50&#8243; gutter_size=\u00bb3&#8243; column_width_percent=\u00bb100&#8243; shift_y=\u00bb0&#8243; z_index=\u00bb0&#8243; uncode_shortcode_id=\u00bb198033&#8243;][vc_column width=\u00bb1\/1&#8243;][vc_gallery el_id=\u00bbgallery-196542&#8243; isotope_mode=\u00bbpackery\u00bb medias=\u00bb47418,47417,47416&#8243; gutter_size=\u00bb0&#8243; screen_lg=\u00bb1000&#8243; screen_md=\u00bb600&#8243; screen_sm=\u00bb480&#8243; images_size=\u00bbtwentyone-nine\u00bb single_overlay_opacity=\u00bb50&#8243; single_padding=\u00bb2&#8243; single_border=\u00bbyes\u00bb uncode_shortcode_id=\u00bb156433&#8243;][\/vc_column][\/vc_row]<\/p>","protected":false},"excerpt":{"rendered":"<p>[vc_row unlock_row_content=\u00bbyes\u00bb row_height_percent=\u00bb100&#8243; override_padding=\u00bbyes\u00bb h_padding=\u00bb0&#8243; top_padding=\u00bb0&#8243; bottom_padding=\u00bb0&#8243; back_color=\u00bbcolor-nhtu\u00bb overlay_alpha=\u00bb50&#8243; equal_height=\u00bbyes\u00bb gutter_size=\u00bb3&#8243; shift_y=\u00bb0&#8243;][vc_column column_width_percent=\u00bb100&#8243; gutter_size=\u00bb3&#8243; expand_height=\u00bbyes\u00bb style=\u00bbdark\u00bb overlay_alpha=\u00bb50&#8243; shift_x=\u00bb0&#8243; shift_y=\u00bb0&#8243; z_index=\u00bb0&#8243; [&hellip;]<\/p>\n","protected":false},"author":1,"featured_media":47415,"parent":0,"menu_order":0,"comment_status":"closed","ping_status":"closed","template":"","meta":{"footnotes":""},"jetpack_sharing_enabled":true,"_links":{"self":[{"href":"https:\/\/www.gerarduzcategui.com\/es\/wp-json\/wp\/v2\/pages\/47414"}],"collection":[{"href":"https:\/\/www.gerarduzcategui.com\/es\/wp-json\/wp\/v2\/pages"}],"about":[{"href":"https:\/\/www.gerarduzcategui.com\/es\/wp-json\/wp\/v2\/types\/page"}],"author":[{"embeddable":true,"href":"https:\/\/www.gerarduzcategui.com\/es\/wp-json\/wp\/v2\/users\/1"}],"replies":[{"embeddable":true,"href":"https:\/\/www.gerarduzcategui.com\/es\/wp-json\/wp\/v2\/comments?post=47414"}],"version-history":[{"count":48,"href":"https:\/\/www.gerarduzcategui.com\/es\/wp-json\/wp\/v2\/pages\/47414\/revisions"}],"predecessor-version":[{"id":47557,"href":"https:\/\/www.gerarduzcategui.com\/es\/wp-json\/wp\/v2\/pages\/47414\/revisions\/47557"}],"wp:featuredmedia":[{"embeddable":true,"href":"https:\/\/www.gerarduzcategui.com\/es\/wp-json\/wp\/v2\/media\/47415"}],"wp:attachment":[{"href":"https:\/\/www.gerarduzcategui.com\/es\/wp-json\/wp\/v2\/media?parent=47414"}],"curies":[{"name":"wp","href":"https:\/\/api.w.org\/{rel}","templated":true}]}}