{"id":46703,"date":"2016-11-03T21:49:18","date_gmt":"2016-11-03T21:49:18","guid":{"rendered":"http:\/\/www.gerarduzcategui.com.ve\/?page_id=46703"},"modified":"2022-03-27T18:03:14","modified_gmt":"2022-03-27T18:03:14","slug":"maisanta","status":"publish","type":"page","link":"https:\/\/www.gerarduzcategui.com\/es\/portada\/videos\/largometrajes\/maisanta\/","title":{"rendered":"Maisanta"},"content":{"rendered":"<p>[vc_row row_height_percent=\u00bb100&#8243; override_padding=\u00bbyes\u00bb h_padding=\u00bb2&#8243; top_padding=\u00bb3&#8243; bottom_padding=\u00bb3&#8243; back_color=\u00bbcolor-lxmt\u00bb back_image=\u00bb46706&#8243; back_position=\u00bbright top\u00bb parallax=\u00bbyes\u00bb overlay_color=\u00bbcolor-wayh\u00bb overlay_alpha=\u00bb50&#8243; gutter_size=\u00bb3&#8243; shift_y=\u00bb0&#8243; row_name=\u00bbwelcome\u00bb][vc_column column_width_use_pixel=\u00bbyes\u00bb position_vertical=\u00bbmiddle\u00bb align_horizontal=\u00bbalign_center\u00bb gutter_size=\u00bb3&#8243; overlay_alpha=\u00bb50&#8243; shift_x=\u00bb0&#8243; shift_y=\u00bb0&#8243; z_index=\u00bb0&#8243; medium_width=\u00bb0&#8243; zoom_width=\u00bb0&#8243; zoom_height=\u00bb0&#8243; width=\u00bb1\/1&#8243; column_width_pixel=\u00bb900&#8243;][vc_custom_heading heading_semantic=\u00bbh1&#8243; text_size=\u00bb\u00bb text_weight=\u00bb500&#8243; text_transform=\u00bbuppercase\u00bb css_animation=\u00bbalpha-anim\u00bb animation_speed=\u00bb1000&#8243; animation_delay=\u00bb1000&#8243;]<strong><span class=\"font-138252\">Maisanta<\/span><\/strong>[\/vc_custom_heading][vc_icon icon=\u00bbfa fa-play\u00bb size=\u00bbfa-4x\u00bb][\/vc_icon][\/vc_column][\/vc_row][vc_row unlock_row_content=\u00bbyes\u00bb row_height_percent=\u00bb0&#8243; override_padding=\u00bbyes\u00bb h_padding=\u00bb2&#8243; top_padding=\u00bb5&#8243; bottom_padding=\u00bb5&#8243; overlay_alpha=\u00bb50&#8243; gutter_size=\u00bb3&#8243; shift_y=\u00bb0&#8243; row_name=\u00bbworks\u00bb][vc_column column_width_use_pixel=\u00bbyes\u00bb align_horizontal=\u00bbalign_center\u00bb gutter_size=\u00bb3&#8243; font_family=\u00bbfont-138252&#8243; overlay_alpha=\u00bb50&#8243; shift_x=\u00bb0&#8243; shift_y=\u00bb0&#8243; z_index=\u00bb0&#8243; medium_width=\u00bb0&#8243; zoom_width=\u00bb0&#8243; zoom_height=\u00bb0&#8243; width=\u00bb1\/1&#8243; column_width_pixel=\u00bb700&#8243;][vc_custom_heading text_font=\u00bbfont-138252&#8243; text_size=\u00bb\u00bb text_weight=\u00bb500&#8243; text_transform=\u00bbuppercase\u00bb sub_lead=\u00bbyes\u00bb css_animation=\u00bbalpha-anim\u00bb animation_speed=\u00bb1000&#8243; animation_delay=\u00bb800&#8243; subheading=\u00bbFrente a la p\u00e9rdida de su padre, el joven Pedro P\u00e9rez Delgado (Maisanta), se convierte en el hombre de la casa. Para apoyar a su madre y a su hermana, comienza a trabajar para Coronel Mac\u00edas, quien traiciona su confianza, pues, a\u00fan casado, se atreve a cortejar a su hermana Petra, deshonrando el nombre de su familia, honor que en el lecho de muerte su padre le pidi\u00f3 defender a c\u00f3mo diera lugar. Entre las m\u00e1s intensas historias de amor y traici\u00f3n se forjar\u00e1 el car\u00e1cter del joven Maisanta. El muchacho blanco, de pelo amarillo, a quien muchos llamaban \u201cEl Americano\u201d se convertir\u00eda entonces en leyenda, junto a su grito de guerra matriarcal Maisanta!\u00bb uncode_shortcode_id=\u00bb152873&#8243;]<span class=\"font-138252\">Sinopsis<\/span>[\/vc_custom_heading][\/vc_column][\/vc_row][vc_row unlock_row_content=\u00bbyes\u00bb row_height_percent=\u00bb0&#8243; override_padding=\u00bbyes\u00bb h_padding=\u00bb0&#8243; top_padding=\u00bb0&#8243; bottom_padding=\u00bb0&#8243; overlay_alpha=\u00bb50&#8243; gutter_size=\u00bb3&#8243; shift_y=\u00bb0&#8243;][vc_column column_width_percent=\u00bb100&#8243; align_horizontal=\u00bbalign_center\u00bb gutter_size=\u00bb3&#8243; font_family=\u00bbfont-134980&#8243; overlay_alpha=\u00bb50&#8243; shift_x=\u00bb0&#8243; shift_y=\u00bb0&#8243; medium_width=\u00bb0&#8243; zoom_width=\u00bb0&#8243; zoom_height=\u00bb0&#8243; width=\u00bb1\/1&#8243;][vc_gallery el_id=\u00bbgallery-471603&#8243; medias=\u00bb46716,46718,46715,46717,46714,46713,46711,46710,46706,46709,46704,46707&#8243; gutter_size=\u00bb0&#8243; screen_lg=\u00bb1000&#8243; screen_md=\u00bb600&#8243; screen_sm=\u00bb480&#8243; single_width=\u00bb3&#8243; single_style=\u00bbdark\u00bb single_overlay_opacity=\u00bb50&#8243; single_padding=\u00bb2&#8243; single_shadow=\u00bbyes\u00bb single_border=\u00bbyes\u00bb lbox_social=\u00bbyes\u00bb items=\u00bbeyI0NDgyNl9pIjp7InNpbmdsZV9zdHlsZSI6ImRhcmsifX0=\u00bb][\/vc_column][\/vc_row][vc_row unlock_row_content=\u00bbyes\u00bb row_height_percent=\u00bb0&#8243; override_padding=\u00bbyes\u00bb h_padding=\u00bb2&#8243; top_padding=\u00bb5&#8243; bottom_padding=\u00bb4&#8243; overlay_alpha=\u00bb50&#8243; gutter_size=\u00bb3&#8243; shift_y=\u00bb0&#8243; row_name=\u00bbTeam\u00bb][vc_column column_width_percent=\u00bb100&#8243; align_horizontal=\u00bbalign_center\u00bb gutter_size=\u00bb3&#8243; font_family=\u00bbfont-138252&#8243; overlay_alpha=\u00bb50&#8243; shift_x=\u00bb0&#8243; shift_y=\u00bb0&#8243; z_index=\u00bb0&#8243; medium_width=\u00bb0&#8243; width=\u00bb1\/3&#8243;][\/vc_column][vc_column column_width_percent=\u00bb100&#8243; align_horizontal=\u00bbalign_center\u00bb gutter_size=\u00bb3&#8243; font_family=\u00bbfont-138252&#8243; overlay_alpha=\u00bb50&#8243; shift_x=\u00bb0&#8243; shift_y=\u00bb0&#8243; z_index=\u00bb0&#8243; medium_width=\u00bb0&#8243; width=\u00bb1\/3&#8243;][vc_custom_heading heading_semantic=\u00bbh4&#8243; text_font=\u00bbfont-138252&#8243; text_size=\u00bbh5&#8243; text_weight=\u00bb500&#8243; text_transform=\u00bbuppercase\u00bb sub_lead=\u00bbyes\u00bb css_animation=\u00bbalpha-anim\u00bb animation_speed=\u00bb1000&#8243; animation_delay=\u00bb800&#8243; subheading=\u00bbMaisanta<br \/>\nDir. Miguel Delgado<br \/>\nDir. de Fotograf\u00eda Gerard Uzcategui<br \/>\nFicci\u00f3n<br \/>\nDuraci\u00f3n: 101 min<br \/>\nPa\u00eds: Venezuela<br \/>\nA\u00f1o: 2016<br \/>\nFormato: DCP \u2013 Color \u2013 2:35&#8243;]Ficha Tecnica[\/vc_custom_heading][\/vc_column][vc_column column_width_percent=\u00bb100&#8243; align_horizontal=\u00bbalign_center\u00bb gutter_size=\u00bb3&#8243; font_family=\u00bbfont-138252&#8243; overlay_alpha=\u00bb50&#8243; shift_x=\u00bb0&#8243; shift_y=\u00bb0&#8243; z_index=\u00bb0&#8243; medium_width=\u00bb0&#8243; width=\u00bb1\/3&#8243;][\/vc_column][\/vc_row][vc_row unlock_row_content=\u00bbyes\u00bb row_height_percent=\u00bb0&#8243; override_padding=\u00bbyes\u00bb h_padding=\u00bb6&#8243; top_padding=\u00bb2&#8243; bottom_padding=\u00bb2&#8243; overlay_alpha=\u00bb50&#8243; gutter_size=\u00bb3&#8243; shift_y=\u00bb0&#8243;][vc_column width=\u00bb1\/1&#8243;][vc_icon icon=\u00bbfa fa-arrow-circle-left\u00bb size=\u00bbfa-3x\u00bb css_animation=\u00bbright-t-left\u00bb animation_speed=\u00bb1000&#8243; animation_delay=\u00bb2000&#8243; link=\u00bburl:https%3A%2F%2Fwww.gerarduzcategui.com%2Fportada%2Fvideos%2Flargometrajes||\u00bb][\/vc_icon][\/vc_column][\/vc_row][vc_row][vc_column column_width_percent=\u00bb100&#8243; align_horizontal=\u00bbalign_center\u00bb gutter_size=\u00bb3&#8243; overlay_alpha=\u00bb50&#8243; shift_x=\u00bb0&#8243; shift_y=\u00bb0&#8243; z_index=\u00bb0&#8243; medium_width=\u00bb0&#8243; width=\u00bb1\/1&#8243;][uncode_share][\/vc_column][\/vc_row][vc_row row_height_percent=\u00bb0&#8243; override_padding=\u00bbyes\u00bb h_padding=\u00bb2&#8243; top_padding=\u00bb0&#8243; bottom_padding=\u00bb0&#8243; overlay_alpha=\u00bb50&#8243; gutter_size=\u00bb3&#8243; shift_y=\u00bb0&#8243;][vc_column column_width_percent=\u00bb100&#8243; gutter_size=\u00bb3&#8243; overlay_alpha=\u00bb50&#8243; shift_x=\u00bb0&#8243; shift_y=\u00bb0&#8243; medium_width=\u00bb0&#8243; zoom_width=\u00bb0&#8243; zoom_height=\u00bb0&#8243; width=\u00bb1\/1&#8243;][vc_separator][\/vc_column][\/vc_row][vc_row unlock_row_content=\u00bbyes\u00bb row_height_percent=\u00bb0&#8243; overlay_alpha=\u00bb50&#8243; gutter_size=\u00bb3&#8243; shift_y=\u00bb0&#8243;][vc_column column_width_percent=\u00bb100&#8243; position_vertical=\u00bbmiddle\u00bb align_horizontal=\u00bbalign_center\u00bb gutter_size=\u00bb3&#8243; overlay_alpha=\u00bb50&#8243; shift_x=\u00bb0&#8243; shift_y=\u00bb0&#8243; z_index=\u00bb0&#8243; medium_width=\u00bb0&#8243; width=\u00bb1\/1&#8243;][vc_custom_heading text_size=\u00bb\u00bb text_weight=\u00bb500&#8243; text_transform=\u00bbuppercase\u00bb sub_lead=\u00bbyes\u00bb]<span class=\"font-138252\">Premios \u2022 Festivales<\/span>[\/vc_custom_heading][vc_custom_heading heading_semantic=\u00bbh4&#8243; text_font=\u00bbfont-138252&#8243; text_size=\u00bbh5&#8243; text_weight=\u00bb500&#8243; text_transform=\u00bbuppercase\u00bb sub_lead=\u00bbyes\u00bb css_animation=\u00bbalpha-anim\u00bb animation_speed=\u00bb1000&#8243; animation_delay=\u00bb800&#8243;]<\/p>\n<h2><span class=\"font-138252\">\u039eMejor Fotograf\u00eda \u2022 Festival del Cine Venezolano 2017\u039e<\/span><\/h2>\n<p>[\/vc_custom_heading][vc_empty_space][\/vc_column][\/vc_row][vc_row row_height_percent=\u00bb0&#8243; override_padding=\u00bbyes\u00bb h_padding=\u00bb2&#8243; top_padding=\u00bb0&#8243; bottom_padding=\u00bb5&#8243; overlay_alpha=\u00bb100&#8243; gutter_size=\u00bb100&#8243; shift_y=\u00bb0&#8243; style=\u00bbinherited\u00bb][vc_column column_width_use_pixel=\u00bbyes\u00bb position_vertical=\u00bbmiddle\u00bb align_horizontal=\u00bbalign_center\u00bb gutter_size=\u00bb4&#8243; overlay_alpha=\u00bb100&#8243; shift_x=\u00bb0&#8243; shift_y=\u00bb0&#8243; z_index=\u00bb0&#8243; medium_width=\u00bb100&#8243; zoom_width=\u00bb0&#8243; zoom_height=\u00bb0&#8243; width=\u00bb1\/3&#8243; column_width_pixel=\u00bb900&#8243;][\/vc_column][vc_column column_width_percent=\u00bb30&#8243; position_vertical=\u00bbmiddle\u00bb align_horizontal=\u00bbalign_center\u00bb gutter_size=\u00bb3&#8243; overlay_alpha=\u00bb50&#8243; shift_x=\u00bb0&#8243; shift_y=\u00bb0&#8243; z_index=\u00bb0&#8243; medium_width=\u00bb0&#8243; width=\u00bb1\/3&#8243;][vc_single_image media=\u00bb45585&#8243; media_width_use_pixel=\u00bbyes\u00bb advanced=\u00bbyes\u00bb media_overlay_opacity=\u00bb50&#8243; media_padding=\u00bb2&#8243; css_animation=\u00bbalpha-anim\u00bb animation_speed=\u00bb500&#8243; animation_delay=\u00bb800&#8243; media_link=\u00bburl:http%3A%2F%2Fwww.imdb.com%2Ftitle%2Ftt6205912%2F%3Fref_%3Dfn_al_tt_1|title:imdb%20maisanta|target:%20_blank\u00bb media_width_pixel=\u00bb125&#8243;][\/vc_column][vc_column column_width_percent=\u00bb100&#8243; position_vertical=\u00bbmiddle\u00bb align_horizontal=\u00bbalign_center\u00bb gutter_size=\u00bb3&#8243; overlay_alpha=\u00bb50&#8243; shift_x=\u00bb0&#8243; shift_y=\u00bb0&#8243; z_index=\u00bb0&#8243; medium_width=\u00bb0&#8243; width=\u00bb1\/3&#8243;][\/vc_column][\/vc_row][vc_row unlock_row_content=\u00bbyes\u00bb row_height_percent=\u00bb0&#8243; overlay_alpha=\u00bb50&#8243; gutter_size=\u00bb3&#8243; shift_y=\u00bb0&#8243;][vc_column width=\u00bb1\/1&#8243;][\/vc_column][\/vc_row]<\/p>","protected":false},"excerpt":{"rendered":"<p>[vc_row row_height_percent=\u00bb100&#8243; override_padding=\u00bbyes\u00bb h_padding=\u00bb2&#8243; top_padding=\u00bb3&#8243; bottom_padding=\u00bb3&#8243; back_color=\u00bbcolor-lxmt\u00bb back_image=\u00bb46706&#8243; back_position=\u00bbright top\u00bb parallax=\u00bbyes\u00bb overlay_color=\u00bbcolor-wayh\u00bb overlay_alpha=\u00bb50&#8243; gutter_size=\u00bb3&#8243; shift_y=\u00bb0&#8243; row_name=\u00bbwelcome\u00bb][vc_column column_width_use_pixel=\u00bbyes\u00bb position_vertical=\u00bbmiddle\u00bb align_horizontal=\u00bbalign_center\u00bb gutter_size=\u00bb3&#8243; [&hellip;]<\/p>\n","protected":false},"author":1,"featured_media":46716,"parent":45704,"menu_order":0,"comment_status":"closed","ping_status":"closed","template":"","meta":{"footnotes":""},"jetpack_sharing_enabled":true,"_links":{"self":[{"href":"https:\/\/www.gerarduzcategui.com\/es\/wp-json\/wp\/v2\/pages\/46703"}],"collection":[{"href":"https:\/\/www.gerarduzcategui.com\/es\/wp-json\/wp\/v2\/pages"}],"about":[{"href":"https:\/\/www.gerarduzcategui.com\/es\/wp-json\/wp\/v2\/types\/page"}],"author":[{"embeddable":true,"href":"https:\/\/www.gerarduzcategui.com\/es\/wp-json\/wp\/v2\/users\/1"}],"replies":[{"embeddable":true,"href":"https:\/\/www.gerarduzcategui.com\/es\/wp-json\/wp\/v2\/comments?post=46703"}],"version-history":[{"count":9,"href":"https:\/\/www.gerarduzcategui.com\/es\/wp-json\/wp\/v2\/pages\/46703\/revisions"}],"predecessor-version":[{"id":47610,"href":"https:\/\/www.gerarduzcategui.com\/es\/wp-json\/wp\/v2\/pages\/46703\/revisions\/47610"}],"up":[{"embeddable":true,"href":"https:\/\/www.gerarduzcategui.com\/es\/wp-json\/wp\/v2\/pages\/45704"}],"wp:featuredmedia":[{"embeddable":true,"href":"https:\/\/www.gerarduzcategui.com\/es\/wp-json\/wp\/v2\/media\/46716"}],"wp:attachment":[{"href":"https:\/\/www.gerarduzcategui.com\/es\/wp-json\/wp\/v2\/media?parent=46703"}],"curies":[{"name":"wp","href":"https:\/\/api.w.org\/{rel}","templated":true}]}}