{"id":45952,"date":"2016-01-24T02:39:32","date_gmt":"2016-01-24T02:39:32","guid":{"rendered":"http:\/\/www.gerarduzcategui.com.ve\/?page_id=45952"},"modified":"2020-06-27T01:02:44","modified_gmt":"2020-06-27T01:02:44","slug":"oteo-2","status":"publish","type":"page","link":"https:\/\/www.gerarduzcategui.com\/es\/portada\/videos\/videoclips-%e2%80%a2-videoarte\/oteo-2\/","title":{"rendered":"Oteo"},"content":{"rendered":"<p>[vc_row row_height_percent=\u00bb100&#8243; override_padding=\u00bbyes\u00bb h_padding=\u00bb2&#8243; top_padding=\u00bb3&#8243; bottom_padding=\u00bb3&#8243; back_color=\u00bbcolor-lxmt\u00bb back_image=\u00bb45941&#8243; back_position=\u00bbcenter bottom\u00bb parallax=\u00bbyes\u00bb overlay_color=\u00bbcolor-wayh\u00bb overlay_alpha=\u00bb0&#8243; gutter_size=\u00bb3&#8243; shift_y=\u00bb0&#8243; row_name=\u00bbwelcome\u00bb][vc_column column_width_use_pixel=\u00bbyes\u00bb position_vertical=\u00bbmiddle\u00bb align_horizontal=\u00bbalign_center\u00bb gutter_size=\u00bb3&#8243; overlay_alpha=\u00bb50&#8243; shift_x=\u00bb0&#8243; shift_y=\u00bb0&#8243; z_index=\u00bb0&#8243; medium_width=\u00bb0&#8243; zoom_width=\u00bb0&#8243; zoom_height=\u00bb0&#8243; width=\u00bb1\/1&#8243; column_width_pixel=\u00bb900&#8243;][vc_custom_heading heading_semantic=\u00bbh1&#8243; text_size=\u00bb\u00bb text_weight=\u00bb500&#8243; text_transform=\u00bbuppercase\u00bb css_animation=\u00bbalpha-anim\u00bb animation_speed=\u00bb1000&#8243; animation_delay=\u00bb1000&#8243;]<span class=\"font-138252\">Oteo\u00a0<\/span>[\/vc_custom_heading][vc_icon icon=\u00bbfa fa-play\u00bb size=\u00bbfa-4x\u00bb media_lightbox=\u00bb45946&#8243;][\/vc_icon][\/vc_column][\/vc_row][vc_row unlock_row_content=\u00bbyes\u00bb row_height_percent=\u00bb0&#8243; override_padding=\u00bbyes\u00bb h_padding=\u00bb2&#8243; top_padding=\u00bb5&#8243; bottom_padding=\u00bb5&#8243; overlay_alpha=\u00bb50&#8243; gutter_size=\u00bb3&#8243; shift_y=\u00bb0&#8243; row_name=\u00bbworks\u00bb][vc_column column_width_use_pixel=\u00bbyes\u00bb align_horizontal=\u00bbalign_center\u00bb gutter_size=\u00bb3&#8243; font_family=\u00bbfont-138252&#8243; overlay_alpha=\u00bb50&#8243; shift_x=\u00bb0&#8243; shift_y=\u00bb0&#8243; z_index=\u00bb0&#8243; medium_width=\u00bb0&#8243; zoom_width=\u00bb0&#8243; zoom_height=\u00bb0&#8243; width=\u00bb1\/1&#8243; column_width_pixel=\u00bb700&#8243;][vc_custom_heading text_font=\u00bbfont-138252&#8243; text_size=\u00bb\u00bb text_weight=\u00bb500&#8243; text_transform=\u00bbuppercase\u00bb sub_lead=\u00bbyes\u00bb css_animation=\u00bbalpha-anim\u00bb animation_speed=\u00bb1000&#8243; animation_delay=\u00bb800&#8243; subheading=\u00bbOteo es una video instalaci\u00f3n compuesta por una vieja puerta entreabierta, que nos invita a mirar al interior de espacios y personajes rurales\u2026<br \/>\nExpuesta en el Sal\u00f3n Super Cable J\u00f3venes con FIA, XIII edici\u00f3n<br \/>\nXIX Feria Iberoamericana de Arte 2010<\/p>\n<p>Video instalaci\u00f3n<br \/>\nDuraci\u00f3n: 17min<br \/>\nPa\u00eds: Venezuela<br \/>\nA\u00f1o: 2010<br \/>\nFormato: HD &#8211; Color &#8211; 1:85&#8243;]<span class=\"font-138252\">Oteo<\/span><\/p>\n<p><span class=\"font-138252\">Director \/ Dir. de Fotograf\u00eda Gerard Uzcategui<\/span>[\/vc_custom_heading][\/vc_column][\/vc_row][vc_row unlock_row_content=\u00bbyes\u00bb row_height_percent=\u00bb0&#8243; override_padding=\u00bbyes\u00bb h_padding=\u00bb0&#8243; top_padding=\u00bb0&#8243; bottom_padding=\u00bb0&#8243; overlay_alpha=\u00bb50&#8243; gutter_size=\u00bb3&#8243; shift_y=\u00bb0&#8243;][vc_column column_width_percent=\u00bb100&#8243; align_horizontal=\u00bbalign_center\u00bb gutter_size=\u00bb3&#8243; font_family=\u00bbfont-134980&#8243; overlay_alpha=\u00bb50&#8243; shift_x=\u00bb0&#8243; shift_y=\u00bb0&#8243; medium_width=\u00bb0&#8243; zoom_width=\u00bb0&#8243; zoom_height=\u00bb0&#8243; width=\u00bb1\/1&#8243;][vc_gallery el_id=\u00bbgallery-471603&#8243; isotope_mode=\u00bbpackery\u00bb medias=\u00bb45944,45943,45942,45941&#8243; gutter_size=\u00bb0&#8243; screen_lg=\u00bb1000&#8243; screen_md=\u00bb600&#8243; screen_sm=\u00bb480&#8243; single_width=\u00bb3&#8243; images_size=\u00bbtwentyone-nine\u00bb single_style=\u00bbdark\u00bb single_overlay_opacity=\u00bb50&#8243; single_padding=\u00bb2&#8243; single_shadow=\u00bbyes\u00bb single_border=\u00bbyes\u00bb lbox_social=\u00bbyes\u00bb items=\u00bbeyI0NDgyNl9pIjp7InNpbmdsZV9zdHlsZSI6ImRhcmsifX0=\u00bb][vc_empty_space][\/vc_column][\/vc_row][vc_row unlock_row_content=\u00bbyes\u00bb row_height_percent=\u00bb0&#8243; override_padding=\u00bbyes\u00bb h_padding=\u00bb6&#8243; top_padding=\u00bb4&#8243; bottom_padding=\u00bb4&#8243; overlay_alpha=\u00bb50&#8243; gutter_size=\u00bb3&#8243; shift_y=\u00bb0&#8243;][vc_column width=\u00bb1\/2&#8243;][vc_column_text]<em>Oteo<\/em>, de Gerard Uzc\u00e1tegui, tambi\u00e9n parece convocar ense\u00f1anzas lacanianas: no s\u00f3lo la memoria del reflejo en el otro como primera noci\u00f3n del s\u00ed mismo, sino nuestra subjetividad activ\u00e1ndose siempre en la intersubjetividad -el mirar que es mirarse- se nos proponen desde el video que se entrev\u00e9 por la rendija de la r\u00fastica puerta entreabierta sin motivo aparente en el recorrido de la exposici\u00f3n. Son campesinos, a una hora de M\u00e9rida (y a siglos del lente que los capta) los de las intensas miradas sostenidas frente al ojo voyerista que escudri\u00f1a -se escudri\u00f1a- en su cotidianidad.<\/p>\n<p>(tomado del texto para el cat\u00e1logo del XIII Sal\u00f3n J\u00f3venes con FIA: \u201cDONDE CABEMOS TODOS\u201d, Por Nydia Guti\u00e9rrez. 2010)[\/vc_column_text][\/vc_column][vc_column width=\u00bb1\/2&#8243;][vc_single_image media=\u00bb45940&#8243; media_width_percent=\u00bb100&#8243;][\/vc_column][\/vc_row][vc_row unlock_row_content=\u00bbyes\u00bb row_height_percent=\u00bb0&#8243; overlay_alpha=\u00bb50&#8243; gutter_size=\u00bb3&#8243; shift_y=\u00bb0&#8243;][vc_column width=\u00bb1\/1&#8243;][vc_gallery el_id=\u00bbgallery-465502&#8243; isotope_mode=\u00bbpackery\u00bb medias=\u00bb45936,45939,45938,45937,45935&#8243; gutter_size=\u00bb0&#8243; screen_lg=\u00bb1000&#8243; screen_md=\u00bb600&#8243; screen_sm=\u00bb480&#8243; single_overlay_opacity=\u00bb50&#8243; single_padding=\u00bb2&#8243; single_border=\u00bbyes\u00bb single_css_animation=\u00bbzoom-in\u00bb][\/vc_column][\/vc_row][vc_row unlock_row_content=\u00bbyes\u00bb row_height_percent=\u00bb0&#8243; override_padding=\u00bbyes\u00bb h_padding=\u00bb6&#8243; top_padding=\u00bb2&#8243; bottom_padding=\u00bb2&#8243; overlay_alpha=\u00bb50&#8243; gutter_size=\u00bb3&#8243; shift_y=\u00bb0&#8243;][vc_column width=\u00bb1\/1&#8243;][vc_icon icon=\u00bbfa fa-arrow-circle-left\u00bb size=\u00bbfa-3x\u00bb css_animation=\u00bbright-t-left\u00bb animation_speed=\u00bb1000&#8243; animation_delay=\u00bb2000&#8243; link=\u00bburl:https%3A%2F%2Fwww.gerarduzcategui.com%2Fportada%2Fvideos%2Fvideoclips-%E2%80%A2-videoarte%2F||\u00bb][\/vc_icon][\/vc_column][\/vc_row]<\/p>","protected":false},"excerpt":{"rendered":"<p>[vc_row row_height_percent=\u00bb100&#8243; override_padding=\u00bbyes\u00bb h_padding=\u00bb2&#8243; top_padding=\u00bb3&#8243; bottom_padding=\u00bb3&#8243; back_color=\u00bbcolor-lxmt\u00bb back_image=\u00bb45941&#8243; back_position=\u00bbcenter bottom\u00bb parallax=\u00bbyes\u00bb overlay_color=\u00bbcolor-wayh\u00bb overlay_alpha=\u00bb0&#8243; gutter_size=\u00bb3&#8243; shift_y=\u00bb0&#8243; row_name=\u00bbwelcome\u00bb][vc_column column_width_use_pixel=\u00bbyes\u00bb position_vertical=\u00bbmiddle\u00bb align_horizontal=\u00bbalign_center\u00bb gutter_size=\u00bb3&#8243; [&hellip;]<\/p>\n","protected":false},"author":1,"featured_media":45941,"parent":45720,"menu_order":0,"comment_status":"closed","ping_status":"closed","template":"","meta":{"footnotes":""},"jetpack_sharing_enabled":true,"_links":{"self":[{"href":"https:\/\/www.gerarduzcategui.com\/es\/wp-json\/wp\/v2\/pages\/45952"}],"collection":[{"href":"https:\/\/www.gerarduzcategui.com\/es\/wp-json\/wp\/v2\/pages"}],"about":[{"href":"https:\/\/www.gerarduzcategui.com\/es\/wp-json\/wp\/v2\/types\/page"}],"author":[{"embeddable":true,"href":"https:\/\/www.gerarduzcategui.com\/es\/wp-json\/wp\/v2\/users\/1"}],"replies":[{"embeddable":true,"href":"https:\/\/www.gerarduzcategui.com\/es\/wp-json\/wp\/v2\/comments?post=45952"}],"version-history":[{"count":14,"href":"https:\/\/www.gerarduzcategui.com\/es\/wp-json\/wp\/v2\/pages\/45952\/revisions"}],"predecessor-version":[{"id":47301,"href":"https:\/\/www.gerarduzcategui.com\/es\/wp-json\/wp\/v2\/pages\/45952\/revisions\/47301"}],"up":[{"embeddable":true,"href":"https:\/\/www.gerarduzcategui.com\/es\/wp-json\/wp\/v2\/pages\/45720"}],"wp:featuredmedia":[{"embeddable":true,"href":"https:\/\/www.gerarduzcategui.com\/es\/wp-json\/wp\/v2\/media\/45941"}],"wp:attachment":[{"href":"https:\/\/www.gerarduzcategui.com\/es\/wp-json\/wp\/v2\/media?parent=45952"}],"curies":[{"name":"wp","href":"https:\/\/api.w.org\/{rel}","templated":true}]}}